{"id":335,"date":"2025-12-18T15:38:36","date_gmt":"2025-12-18T14:38:36","guid":{"rendered":"https:\/\/diseno.adrirodrigof4.es\/?page_id=335"},"modified":"2026-03-10T04:27:15","modified_gmt":"2026-03-10T03:27:15","slug":"about","status":"publish","type":"page","link":"https:\/\/diseno.adrirodrigof4.es\/es\/about\/","title":{"rendered":"05 \u2013 Acerca de"},"content":{"rendered":"<div data-elementor-type=\"wp-page\" data-elementor-id=\"335\" class=\"elementor elementor-335\" data-elementor-post-type=\"page\">\n\t\t\t\t<section class=\"elementor-element elementor-element-aba63c2 e-flex e-con-boxed e-con e-parent\" data-id=\"aba63c2\" data-element_type=\"container\" data-e-type=\"container\">\n\t\t\t\t\t<div class=\"e-con-inner\">\n\t\t\t\t<div class=\"elementor-element elementor-element-4896fcb elementor-invisible elementor-widget elementor-widget-heading\" data-id=\"4896fcb\" data-element_type=\"widget\" data-e-type=\"widget\" data-settings=\"{&quot;_animation&quot;:&quot;fadeIn&quot;}\" data-widget_type=\"heading.default\">\n\t\t\t\t<div class=\"elementor-widget-container\">\n\t\t\t\t\t<h1 class=\"elementor-heading-title elementor-size-default\">05 \u2013 Acerca de<\/h1>\t\t\t\t<\/div>\n\t\t\t\t<\/div>\n\t\t<div class=\"elementor-element elementor-element-ef451a3 e-flex e-con-boxed elementor-invisible e-con e-child\" data-id=\"ef451a3\" data-element_type=\"container\" data-e-type=\"container\" data-settings=\"{&quot;animation&quot;:&quot;fadeIn&quot;}\">\n\t\t\t\t\t<div class=\"e-con-inner\">\n\t\t<div class=\"elementor-element elementor-element-0f00c32 e-con-full e-flex e-con e-child\" data-id=\"0f00c32\" data-element_type=\"container\" data-e-type=\"container\">\n\t\t\t\t<div class=\"elementor-element elementor-element-80c9a91 elementor-widget elementor-widget-text-editor\" data-id=\"80c9a91\" data-element_type=\"widget\" data-e-type=\"widget\" data-widget_type=\"text-editor.default\">\n\t\t\t\t<div class=\"elementor-widget-container\">\n\t\t\t\t\t\t\t\t\t<p>Hola, soy Clara!<\/p><p>freelance <strong>dise\u00f1ador y fot\u00f3grafo<\/strong> ayudando a las marcas a contar su historia con la honestidad, la belleza y la claridad.<\/p><p>Estudi\u00e9 Bellas Artes en Barcelona y S\u00e3o Paulo, y m\u00e1s tarde complet\u00f3 un Master en Dise\u00f1o de Interiores en EDIB.<br \/>Nac\u00ed en Palma de Mallorca, y he vivido en Barcelona, Enschede (pa\u00edses Bajos) y S\u00e3o Paulo (Brasil), as\u00ed como viajar mucho por todo el mundo. En todos aquellos lugares, personas y culturas de la forma de mi forma de ver, sentir y crear.<\/p><p>Desde el a\u00f1o 2020, Mallorca es mi casa mientras yo trabajo de forma remota con clientes internacionales.<br \/>Desde el a\u00f1o 2022, tambi\u00e9n me pasan parte del a\u00f1o en Marruecos, donde estoy especialmente conectado a navegar por los proyectos.<\/p><p>Mi trabajo es simple, <strong>c\u00e1lido y humano<\/strong>. Puedo escuchar su historia y plasmarlo en im\u00e1genes y dise\u00f1o que se siente fiel a ti.<\/p>\t\t\t\t\t\t\t\t<\/div>\n\t\t\t\t<\/div>\n\t\t\t\t<div class=\"elementor-element elementor-element-606cc35 elementor-widget elementor-widget-text-editor\" data-id=\"606cc35\" data-element_type=\"widget\" data-e-type=\"widget\" data-widget_type=\"text-editor.default\">\n\t\t\t\t<div class=\"elementor-widget-container\">\n\t\t\t\t\t\t\t\t\t<p><a href=\"\/es\/contact\/\"><strong>Vamos a trabajar juntos !<\/strong><\/a><\/p>\t\t\t\t\t\t\t\t<\/div>\n\t\t\t\t<\/div>\n\t\t\t\t<\/div>\n\t\t<div class=\"elementor-element elementor-element-8c76d27 e-con-full e-flex e-con e-child\" data-id=\"8c76d27\" data-element_type=\"container\" data-e-type=\"container\">\n\t\t\t\t<div class=\"elementor-element elementor-element-4d43d71 elementor-widget elementor-widget-image\" data-id=\"4d43d71\" data-element_type=\"widget\" data-e-type=\"widget\" data-widget_type=\"image.default\">\n\t\t\t\t<div class=\"elementor-widget-container\">\n\t\t\t\t\t\t\t\t\t\t\t\t\t\t\t<img fetchpriority=\"high\" decoding=\"async\" width=\"1920\" height=\"2560\" src=\"https:\/\/diseno.adrirodrigof4.es\/wp-content\/uploads\/2026\/02\/Clara_34-1-scaled.jpg\" class=\"attachment-full size-full wp-image-2562\" alt=\"\" srcset=\"https:\/\/diseno.adrirodrigof4.es\/wp-content\/uploads\/2026\/02\/Clara_34-1-scaled.jpg 1920w, https:\/\/diseno.adrirodrigof4.es\/wp-content\/uploads\/2026\/02\/Clara_34-1-scaled-600x800.jpg 600w, https:\/\/diseno.adrirodrigof4.es\/wp-content\/uploads\/2026\/02\/Clara_34-1-225x300.jpg 225w, https:\/\/diseno.adrirodrigof4.es\/wp-content\/uploads\/2026\/02\/Clara_34-1-768x1024.jpg 768w, https:\/\/diseno.adrirodrigof4.es\/wp-content\/uploads\/2026\/02\/Clara_34-1-1152x1536.jpg 1152w, https:\/\/diseno.adrirodrigof4.es\/wp-content\/uploads\/2026\/02\/Clara_34-1-1536x2048.jpg 1536w\" sizes=\"(max-width: 1920px) 100vw, 1920px\" \/>\t\t\t\t\t\t\t\t\t\t\t\t\t\t\t<\/div>\n\t\t\t\t<\/div>\n\t\t\t\t<\/div>\n\t\t\t\t\t<\/div>\n\t\t\t\t<\/div>\n\t\t\t\t\t<\/div>\n\t\t\t\t<\/section>\n\t\t\t\t<\/div>","protected":false},"excerpt":{"rendered":"<p>Hi, I\u2019m Clara! a freelance designer and photographer helping brands tell their story with honesty, beauty and clarity. I studied Fine Arts in Barcelona and S\u00e3o Paulo, and later completed a Master\u2019s in Interior Design at EDIB.I was born in Palma de Mallorca, and I\u2019ve lived in Barcelona, Enschede (The Netherlands) and S\u00e3o Paulo (Brazil), [&hellip;]<\/p>\n","protected":false},"author":7,"featured_media":0,"parent":0,"menu_order":0,"comment_status":"closed","ping_status":"closed","template":"","meta":{"footnotes":""},"class_list":["post-335","page","type-page","status-publish","hentry"],"yoast_head":"<!-- This site is optimized with the Yoast SEO plugin v27.4 - https:\/\/yoast.com\/product\/yoast-seo-wordpress\/ -->\n<title>05 - About - Estudio Creativo - CLAR de CLARA<\/title>\n<meta name=\"robots\" content=\"noindex, follow, max-snippet:-1, max-image-preview:large, max-video-preview:-1\" \/>\n<meta property=\"og:locale\" content=\"es_ES\" \/>\n<meta property=\"og:type\" content=\"article\" \/>\n<meta property=\"og:title\" content=\"05 - About - Estudio Creativo - CLAR de CLARA\" \/>\n<meta property=\"og:description\" content=\"Hi, I\u2019m Clara! a freelance designer and photographer helping brands tell their story with honesty, beauty and clarity. I studied Fine Arts in Barcelona and S\u00e3o Paulo, and later completed a Master\u2019s in Interior Design at EDIB.I was born in Palma de Mallorca, and I\u2019ve lived in Barcelona, Enschede (The Netherlands) and S\u00e3o Paulo (Brazil), [&hellip;]\" \/>\n<meta property=\"og:url\" content=\"https:\/\/diseno.adrirodrigof4.es\/es\/about\/\" \/>\n<meta property=\"og:site_name\" content=\"Estudio Creativo - CLAR de CLARA\" \/>\n<meta property=\"article:modified_time\" content=\"2026-03-10T03:27:15+00:00\" \/>\n<meta property=\"og:image\" content=\"https:\/\/diseno.adrirodrigof4.es\/wp-content\/uploads\/2026\/02\/Clara_34-1-scaled.jpg\" \/>\n\t<meta property=\"og:image:width\" content=\"1920\" \/>\n\t<meta property=\"og:image:height\" content=\"2560\" \/>\n\t<meta property=\"og:image:type\" content=\"image\/jpeg\" \/>\n<meta name=\"twitter:card\" content=\"summary_large_image\" \/>\n<meta name=\"twitter:label1\" content=\"Tiempo de lectura\" \/>\n\t<meta name=\"twitter:data1\" content=\"1 minuto\" \/>\n<script type=\"application\/ld+json\" class=\"yoast-schema-graph\">{\"@context\":\"https:\\\/\\\/schema.org\",\"@graph\":[{\"@type\":\"WebPage\",\"@id\":\"https:\\\/\\\/diseno.adrirodrigof4.es\\\/about\\\/\",\"url\":\"https:\\\/\\\/diseno.adrirodrigof4.es\\\/about\\\/\",\"name\":\"05 - About - Estudio Creativo - CLAR de CLARA\",\"isPartOf\":{\"@id\":\"https:\\\/\\\/diseno.adrirodrigof4.es\\\/#website\"},\"primaryImageOfPage\":{\"@id\":\"https:\\\/\\\/diseno.adrirodrigof4.es\\\/about\\\/#primaryimage\"},\"image\":{\"@id\":\"https:\\\/\\\/diseno.adrirodrigof4.es\\\/about\\\/#primaryimage\"},\"thumbnailUrl\":\"https:\\\/\\\/diseno.adrirodrigof4.es\\\/wp-content\\\/uploads\\\/2026\\\/02\\\/Clara_34-1-scaled.jpg\",\"datePublished\":\"2025-12-18T14:38:36+00:00\",\"dateModified\":\"2026-03-10T03:27:15+00:00\",\"breadcrumb\":{\"@id\":\"https:\\\/\\\/diseno.adrirodrigof4.es\\\/about\\\/#breadcrumb\"},\"inLanguage\":\"es\",\"potentialAction\":[{\"@type\":\"ReadAction\",\"target\":[\"https:\\\/\\\/diseno.adrirodrigof4.es\\\/about\\\/\"]}]},{\"@type\":\"ImageObject\",\"inLanguage\":\"es\",\"@id\":\"https:\\\/\\\/diseno.adrirodrigof4.es\\\/about\\\/#primaryimage\",\"url\":\"https:\\\/\\\/diseno.adrirodrigof4.es\\\/wp-content\\\/uploads\\\/2026\\\/02\\\/Clara_34-1-scaled.jpg\",\"contentUrl\":\"https:\\\/\\\/diseno.adrirodrigof4.es\\\/wp-content\\\/uploads\\\/2026\\\/02\\\/Clara_34-1-scaled.jpg\"},{\"@type\":\"BreadcrumbList\",\"@id\":\"https:\\\/\\\/diseno.adrirodrigof4.es\\\/about\\\/#breadcrumb\",\"itemListElement\":[{\"@type\":\"ListItem\",\"position\":1,\"name\":\"Inicio\",\"item\":\"https:\\\/\\\/diseno.adrirodrigof4.es\\\/\"},{\"@type\":\"ListItem\",\"position\":2,\"name\":\"05 &#8211; About\"}]},{\"@type\":\"WebSite\",\"@id\":\"https:\\\/\\\/diseno.adrirodrigof4.es\\\/#website\",\"url\":\"https:\\\/\\\/diseno.adrirodrigof4.es\\\/\",\"name\":\"Estudio Creativo - CLAR de CLARA\",\"description\":\"Estudio Creativo con base en Palma de Mallorca que realiza proyectos de Dise\u00f1o Gr\u00e1fico, Branding, Web y Gesti\u00f3n de Redes Sociales.\",\"publisher\":{\"@id\":\"https:\\\/\\\/diseno.adrirodrigof4.es\\\/#organization\"},\"potentialAction\":[{\"@type\":\"SearchAction\",\"target\":{\"@type\":\"EntryPoint\",\"urlTemplate\":\"https:\\\/\\\/diseno.adrirodrigof4.es\\\/?s={search_term_string}\"},\"query-input\":{\"@type\":\"PropertyValueSpecification\",\"valueRequired\":true,\"valueName\":\"search_term_string\"}}],\"inLanguage\":\"es\"},{\"@type\":\"Organization\",\"@id\":\"https:\\\/\\\/diseno.adrirodrigof4.es\\\/#organization\",\"name\":\"Estudio Creativo - CLAR de CLARA\",\"url\":\"https:\\\/\\\/diseno.adrirodrigof4.es\\\/\",\"logo\":{\"@type\":\"ImageObject\",\"inLanguage\":\"es\",\"@id\":\"https:\\\/\\\/diseno.adrirodrigof4.es\\\/#\\\/schema\\\/logo\\\/image\\\/\",\"url\":\"https:\\\/\\\/diseno.adrirodrigof4.es\\\/wp-content\\\/uploads\\\/2025\\\/06\\\/Rectangle-3-1.jpg\",\"contentUrl\":\"https:\\\/\\\/diseno.adrirodrigof4.es\\\/wp-content\\\/uploads\\\/2025\\\/06\\\/Rectangle-3-1.jpg\",\"width\":470,\"height\":112,\"caption\":\"Estudio Creativo - CLAR de CLARA\"},\"image\":{\"@id\":\"https:\\\/\\\/diseno.adrirodrigof4.es\\\/#\\\/schema\\\/logo\\\/image\\\/\"}}]}<\/script>\n<!-- \/ Yoast SEO plugin. -->","yoast_head_json":{"title":"05 - About - Estudio Creativo - CLAR de CLARA","robots":{"index":"noindex","follow":"follow","max-snippet":"max-snippet:-1","max-image-preview":"max-image-preview:large","max-video-preview":"max-video-preview:-1"},"og_locale":"es_ES","og_type":"article","og_title":"05 - About - Estudio Creativo - CLAR de CLARA","og_description":"Hi, I\u2019m Clara! a freelance designer and photographer helping brands tell their story with honesty, beauty and clarity. I studied Fine Arts in Barcelona and S\u00e3o Paulo, and later completed a Master\u2019s in Interior Design at EDIB.I was born in Palma de Mallorca, and I\u2019ve lived in Barcelona, Enschede (The Netherlands) and S\u00e3o Paulo (Brazil), [&hellip;]","og_url":"https:\/\/diseno.adrirodrigof4.es\/es\/about\/","og_site_name":"Estudio Creativo - CLAR de CLARA","article_modified_time":"2026-03-10T03:27:15+00:00","og_image":[{"width":1920,"height":2560,"url":"https:\/\/diseno.adrirodrigof4.es\/wp-content\/uploads\/2026\/02\/Clara_34-1-scaled.jpg","type":"image\/jpeg"}],"twitter_card":"summary_large_image","twitter_misc":{"Tiempo de lectura":"1 minuto"},"schema":{"@context":"https:\/\/schema.org","@graph":[{"@type":"WebPage","@id":"https:\/\/diseno.adrirodrigof4.es\/about\/","url":"https:\/\/diseno.adrirodrigof4.es\/about\/","name":"05 - About - Estudio Creativo - CLAR de CLARA","isPartOf":{"@id":"https:\/\/diseno.adrirodrigof4.es\/#website"},"primaryImageOfPage":{"@id":"https:\/\/diseno.adrirodrigof4.es\/about\/#primaryimage"},"image":{"@id":"https:\/\/diseno.adrirodrigof4.es\/about\/#primaryimage"},"thumbnailUrl":"https:\/\/diseno.adrirodrigof4.es\/wp-content\/uploads\/2026\/02\/Clara_34-1-scaled.jpg","datePublished":"2025-12-18T14:38:36+00:00","dateModified":"2026-03-10T03:27:15+00:00","breadcrumb":{"@id":"https:\/\/diseno.adrirodrigof4.es\/about\/#breadcrumb"},"inLanguage":"es","potentialAction":[{"@type":"ReadAction","target":["https:\/\/diseno.adrirodrigof4.es\/about\/"]}]},{"@type":"ImageObject","inLanguage":"es","@id":"https:\/\/diseno.adrirodrigof4.es\/about\/#primaryimage","url":"https:\/\/diseno.adrirodrigof4.es\/wp-content\/uploads\/2026\/02\/Clara_34-1-scaled.jpg","contentUrl":"https:\/\/diseno.adrirodrigof4.es\/wp-content\/uploads\/2026\/02\/Clara_34-1-scaled.jpg"},{"@type":"BreadcrumbList","@id":"https:\/\/diseno.adrirodrigof4.es\/about\/#breadcrumb","itemListElement":[{"@type":"ListItem","position":1,"name":"Inicio","item":"https:\/\/diseno.adrirodrigof4.es\/"},{"@type":"ListItem","position":2,"name":"05 &#8211; About"}]},{"@type":"WebSite","@id":"https:\/\/diseno.adrirodrigof4.es\/#website","url":"https:\/\/diseno.adrirodrigof4.es\/","name":"Estudio Creativo - CLAR de CLARA","description":"Estudio Creativo con base en Palma de Mallorca que realiza proyectos de Dise\u00f1o Gr\u00e1fico, Branding, Web y Gesti\u00f3n de Redes Sociales.","publisher":{"@id":"https:\/\/diseno.adrirodrigof4.es\/#organization"},"potentialAction":[{"@type":"SearchAction","target":{"@type":"EntryPoint","urlTemplate":"https:\/\/diseno.adrirodrigof4.es\/?s={search_term_string}"},"query-input":{"@type":"PropertyValueSpecification","valueRequired":true,"valueName":"search_term_string"}}],"inLanguage":"es"},{"@type":"Organization","@id":"https:\/\/diseno.adrirodrigof4.es\/#organization","name":"Estudio Creativo - CLAR de CLARA","url":"https:\/\/diseno.adrirodrigof4.es\/","logo":{"@type":"ImageObject","inLanguage":"es","@id":"https:\/\/diseno.adrirodrigof4.es\/#\/schema\/logo\/image\/","url":"https:\/\/diseno.adrirodrigof4.es\/wp-content\/uploads\/2025\/06\/Rectangle-3-1.jpg","contentUrl":"https:\/\/diseno.adrirodrigof4.es\/wp-content\/uploads\/2025\/06\/Rectangle-3-1.jpg","width":470,"height":112,"caption":"Estudio Creativo - CLAR de CLARA"},"image":{"@id":"https:\/\/diseno.adrirodrigof4.es\/#\/schema\/logo\/image\/"}}]}},"_links":{"self":[{"href":"https:\/\/diseno.adrirodrigof4.es\/es\/wp-json\/wp\/v2\/pages\/335","targetHints":{"allow":["GET"]}}],"collection":[{"href":"https:\/\/diseno.adrirodrigof4.es\/es\/wp-json\/wp\/v2\/pages"}],"about":[{"href":"https:\/\/diseno.adrirodrigof4.es\/es\/wp-json\/wp\/v2\/types\/page"}],"author":[{"embeddable":true,"href":"https:\/\/diseno.adrirodrigof4.es\/es\/wp-json\/wp\/v2\/users\/7"}],"replies":[{"embeddable":true,"href":"https:\/\/diseno.adrirodrigof4.es\/es\/wp-json\/wp\/v2\/comments?post=335"}],"version-history":[{"count":155,"href":"https:\/\/diseno.adrirodrigof4.es\/es\/wp-json\/wp\/v2\/pages\/335\/revisions"}],"predecessor-version":[{"id":3435,"href":"https:\/\/diseno.adrirodrigof4.es\/es\/wp-json\/wp\/v2\/pages\/335\/revisions\/3435"}],"wp:attachment":[{"href":"https:\/\/diseno.adrirodrigof4.es\/es\/wp-json\/wp\/v2\/media?parent=335"}],"curies":[{"name":"wp","href":"https:\/\/api.w.org\/{rel}","templated":true}]}}