{"id":799,"date":"2025-12-18T21:26:02","date_gmt":"2025-12-18T20:26:02","guid":{"rendered":"https:\/\/diseno.adrirodrigof4.es\/?page_id=799"},"modified":"2026-03-16T08:42:10","modified_gmt":"2026-03-16T07:42:10","slug":"design","status":"publish","type":"page","link":"https:\/\/diseno.adrirodrigof4.es\/es\/design\/","title":{"rendered":"Dise\u00f1o"},"content":{"rendered":"\t\t<div data-elementor-type=\"wp-page\" data-elementor-id=\"799\" class=\"elementor elementor-799\" data-elementor-post-type=\"page\">\n\t\t\t\t<section class=\"elementor-element elementor-element-ed80935 e-con-full e-flex e-con e-parent\" data-id=\"ed80935\" data-element_type=\"container\" data-e-type=\"container\">\n\t\t\t\t<div class=\"elementor-element elementor-element-ba09d61 elementor-widget-mobile__width-initial animated-slow elementor-invisible elementor-widget elementor-widget-jet-listing-grid\" data-id=\"ba09d61\" data-element_type=\"widget\" data-e-type=\"widget\" data-settings=\"{&quot;columns&quot;:&quot;3&quot;,&quot;columns_mobile&quot;:&quot;3&quot;,&quot;_animation&quot;:&quot;fadeIn&quot;}\" data-widget_type=\"jet-listing-grid.default\">\n\t\t\t\t<div class=\"elementor-widget-container\">\n\t\t\t\t\t<div class=\"jet-listing-grid jet-listing\"><div class=\"jet-listing-grid__slider\" data-slider_options=\"{&quot;autoplaySpeed&quot;:2000,&quot;autoplay&quot;:true,&quot;pauseOnHover&quot;:true,&quot;infinite&quot;:true,&quot;centerMode&quot;:false,&quot;speed&quot;:500,&quot;arrows&quot;:false,&quot;dots&quot;:false,&quot;slidesToScroll&quot;:1,&quot;prevArrow&quot;:&quot;\\u003Cdiv class=\\u0027jet-listing-grid__slider-icon prev-arrow \\u0027 role=\\u0027button\\u0027 aria-label=\\u0027Previous\\u0027\\u003E\\u003Csvg width=\\u0027180\\u0027 height=\\u0027180\\u0027 viewBox=\\u00270 0 180 180\\u0027 fill=\\u0027none\\u0027 xmlns=\\u0027http:\\\/\\\/www.w3.org\\\/2000\\\/svg\\u0027\\u003E\\u003Cpath d=\\u0027M119 47.3166C119 48.185 118.668 48.9532 118.003 49.6212L78.8385 89L118.003 128.379C118.668 129.047 119 129.815 119 130.683C119 131.552 118.668 132.32 118.003 132.988L113.021 137.998C112.356 138.666 111.592 139 110.729 139C109.865 139 109.101 138.666 108.436 137.998L61.9966 91.3046C61.3322 90.6366 61 89.8684 61 89C61 88.1316 61.3322 87.3634 61.9966 86.6954L108.436 40.002C109.101 39.334 109.865 39 110.729 39C111.592 39 112.356 39.334 113.021 40.002L118.003 45.012C118.668 45.68 119 46.4482 119 47.3166Z\\u0027 fill=\\u0027black\\u0027\\\/\\u003E\\u003C\\\/svg\\u003E\\u003C\\\/div\\u003E&quot;,&quot;nextArrow&quot;:&quot;\\u003Cdiv class=\\u0027jet-listing-grid__slider-icon next-arrow \\u0027 role=\\u0027button\\u0027 aria-label=\\u0027Next\\u0027\\u003E\\u003Csvg width=\\u0027180\\u0027 height=\\u0027180\\u0027 viewBox=\\u00270 0 180 180\\u0027 fill=\\u0027none\\u0027 xmlns=\\u0027http:\\\/\\\/www.w3.org\\\/2000\\\/svg\\u0027\\u003E\\u003Cpath d=\\u0027M119 47.3166C119 48.185 118.668 48.9532 118.003 49.6212L78.8385 89L118.003 128.379C118.668 129.047 119 129.815 119 130.683C119 131.552 118.668 132.32 118.003 132.988L113.021 137.998C112.356 138.666 111.592 139 110.729 139C109.865 139 109.101 138.666 108.436 137.998L61.9966 91.3046C61.3322 90.6366 61 89.8684 61 89C61 88.1316 61.3322 87.3634 61.9966 86.6954L108.436 40.002C109.101 39.334 109.865 39 110.729 39C111.592 39 112.356 39.334 113.021 40.002L118.003 45.012C118.668 45.68 119 46.4482 119 47.3166Z\\u0027 fill=\\u0027black\\u0027\\\/\\u003E\\u003C\\\/svg\\u003E\\u003C\\\/div\\u003E&quot;,&quot;rtl&quot;:false,&quot;itemsCount&quot;:3,&quot;fade&quot;:false,&quot;slidesToShow&quot;:{&quot;desktop&quot;:3,&quot;tablet&quot;:3,&quot;mobile&quot;:3}}\" dir=\"ltr\"><div class=\"jet-listing-grid__items grid-col-desk-3 grid-col-tablet-3 grid-col-mobile-3 jet-listing-grid--827 jet-equal-columns__wrapper\" data-queried-id=\"799|WP_Post\" data-nav=\"{&quot;enabled&quot;:false,&quot;type&quot;:null,&quot;more_el&quot;:null,&quot;query&quot;:[],&quot;widget_settings&quot;:{&quot;lisitng_id&quot;:827,&quot;posts_num&quot;:99,&quot;columns&quot;:3,&quot;columns_tablet&quot;:3,&quot;columns_mobile&quot;:3,&quot;column_min_width&quot;:351,&quot;column_min_width_tablet&quot;:240,&quot;column_min_width_mobile&quot;:240,&quot;inline_columns_css&quot;:false,&quot;is_archive_template&quot;:&quot;&quot;,&quot;post_status&quot;:[&quot;publish&quot;],&quot;use_random_posts_num&quot;:&quot;&quot;,&quot;max_posts_num&quot;:9,&quot;not_found_message&quot;:&quot;No data was found&quot;,&quot;is_masonry&quot;:false,&quot;equal_columns_height&quot;:&quot;yes&quot;,&quot;use_load_more&quot;:&quot;&quot;,&quot;load_more_id&quot;:&quot;&quot;,&quot;load_more_type&quot;:&quot;click&quot;,&quot;load_more_offset&quot;:{&quot;unit&quot;:&quot;px&quot;,&quot;size&quot;:0,&quot;sizes&quot;:[]},&quot;use_custom_post_types&quot;:&quot;&quot;,&quot;custom_post_types&quot;:[&quot;photographys&quot;],&quot;hide_widget_if&quot;:&quot;&quot;,&quot;carousel_enabled&quot;:&quot;yes&quot;,&quot;slides_to_scroll&quot;:&quot;1&quot;,&quot;arrows&quot;:&quot;true&quot;,&quot;arrow_icon&quot;:&quot;fa fa-angle-left&quot;,&quot;dots&quot;:&quot;&quot;,&quot;autoplay&quot;:&quot;true&quot;,&quot;pause_on_hover&quot;:&quot;true&quot;,&quot;autoplay_speed&quot;:2000,&quot;infinite&quot;:&quot;true&quot;,&quot;center_mode&quot;:&quot;&quot;,&quot;effect&quot;:&quot;slide&quot;,&quot;speed&quot;:500,&quot;inject_alternative_items&quot;:&quot;&quot;,&quot;injection_items&quot;:[],&quot;scroll_slider_enabled&quot;:&quot;&quot;,&quot;scroll_slider_on&quot;:[&quot;desktop&quot;,&quot;tablet&quot;,&quot;mobile&quot;],&quot;custom_query&quot;:&quot;yes&quot;,&quot;custom_query_id&quot;:&quot;7&quot;,&quot;_element_id&quot;:&quot;&quot;,&quot;collapse_first_last_gap&quot;:false,&quot;list_tag_selection&quot;:&quot;&quot;,&quot;list_items_wrapper_tag&quot;:&quot;div&quot;,&quot;list_item_tag&quot;:&quot;div&quot;,&quot;empty_items_wrapper_tag&quot;:&quot;div&quot;}}\" data-page=\"1\" data-pages=\"1\" data-listing-source=\"query\" data-listing-id=\"827\" data-query-id=\"7\"><div class=\"jet-listing-grid__item jet-listing-dynamic-post-815 jet-equal-columns\" data-post-id=\"815\"  >\t\t<div data-elementor-type=\"jet-listing-items\" data-elementor-id=\"827\" class=\"elementor elementor-827\" data-elementor-post-type=\"jet-engine\">\n\t\t\t\t<a class=\"elementor-element elementor-element-6fe53d8 e-con-full e-flex e-con e-parent\" data-id=\"6fe53d8\" data-element_type=\"container\" data-e-type=\"container\" href=\"https:\/\/diseno.adrirodrigof4.es\/es\/design\/illustration\/\">\n\t\t\t\t<div class=\"elementor-element elementor-element-ce894b5 elementor-widget elementor-widget-image\" data-id=\"ce894b5\" data-element_type=\"widget\" data-e-type=\"widget\" data-widget_type=\"image.default\">\n\t\t\t\t<div class=\"elementor-widget-container\">\n\t\t\t\t\t\t\t\t\t\t\t\t\t\t\t<img fetchpriority=\"high\" decoding=\"async\" width=\"960\" height=\"1100\" src=\"https:\/\/diseno.adrirodrigof4.es\/wp-content\/uploads\/2026\/03\/Diseno-sin-titulo-2.png\" class=\"attachment-full size-full wp-image-3895\" alt=\"\" srcset=\"https:\/\/diseno.adrirodrigof4.es\/wp-content\/uploads\/2026\/03\/Diseno-sin-titulo-2.png 960w, https:\/\/diseno.adrirodrigof4.es\/wp-content\/uploads\/2026\/03\/Diseno-sin-titulo-2-262x300.png 262w, https:\/\/diseno.adrirodrigof4.es\/wp-content\/uploads\/2026\/03\/Diseno-sin-titulo-2-894x1024.png 894w, https:\/\/diseno.adrirodrigof4.es\/wp-content\/uploads\/2026\/03\/Diseno-sin-titulo-2-768x880.png 768w, https:\/\/diseno.adrirodrigof4.es\/wp-content\/uploads\/2026\/03\/Diseno-sin-titulo-2-600x688.png 600w\" sizes=\"(max-width: 960px) 100vw, 960px\" \/>\t\t\t\t\t\t\t\t\t\t\t\t\t\t\t<\/div>\n\t\t\t\t<\/div>\n\t\t\t\t<div class=\"elementor-element elementor-element-a1db56a elementor-widget elementor-widget-heading\" data-id=\"a1db56a\" data-element_type=\"widget\" data-e-type=\"widget\" data-widget_type=\"heading.default\">\n\t\t\t\t<div class=\"elementor-widget-container\">\n\t\t\t\t\t<h2 class=\"elementor-heading-title elementor-size-default\">Illustration<\/h2>\t\t\t\t<\/div>\n\t\t\t\t<\/div>\n\t\t\t\t<\/a>\n\t\t\t\t<\/div>\n\t\t<\/div><div class=\"jet-listing-grid__item jet-listing-dynamic-post-819 jet-equal-columns\" data-post-id=\"819\"  >\t\t<div data-elementor-type=\"jet-listing-items\" data-elementor-id=\"827\" class=\"elementor elementor-827\" data-elementor-post-type=\"jet-engine\">\n\t\t\t\t<a class=\"elementor-element elementor-element-6fe53d8 e-con-full e-flex e-con e-parent\" data-id=\"6fe53d8\" data-element_type=\"container\" data-e-type=\"container\" href=\"https:\/\/diseno.adrirodrigof4.es\/es\/design\/branding\/\">\n\t\t\t\t<div class=\"elementor-element elementor-element-ce894b5 elementor-widget elementor-widget-image\" data-id=\"ce894b5\" data-element_type=\"widget\" data-e-type=\"widget\" data-widget_type=\"image.default\">\n\t\t\t\t<div class=\"elementor-widget-container\">\n\t\t\t\t\t\t\t\t\t\t\t\t\t\t\t<img decoding=\"async\" width=\"1080\" height=\"1350\" src=\"https:\/\/diseno.adrirodrigof4.es\/wp-content\/uploads\/2025\/12\/4-1.jpg\" class=\"attachment-full size-full wp-image-3584\" alt=\"\" srcset=\"https:\/\/diseno.adrirodrigof4.es\/wp-content\/uploads\/2025\/12\/4-1.jpg 1080w, https:\/\/diseno.adrirodrigof4.es\/wp-content\/uploads\/2025\/12\/4-1-240x300.jpg 240w, https:\/\/diseno.adrirodrigof4.es\/wp-content\/uploads\/2025\/12\/4-1-819x1024.jpg 819w, https:\/\/diseno.adrirodrigof4.es\/wp-content\/uploads\/2025\/12\/4-1-768x960.jpg 768w, https:\/\/diseno.adrirodrigof4.es\/wp-content\/uploads\/2025\/12\/4-1-600x750.jpg 600w\" sizes=\"(max-width: 1080px) 100vw, 1080px\" \/>\t\t\t\t\t\t\t\t\t\t\t\t\t\t\t<\/div>\n\t\t\t\t<\/div>\n\t\t\t\t<div class=\"elementor-element elementor-element-a1db56a elementor-widget elementor-widget-heading\" data-id=\"a1db56a\" data-element_type=\"widget\" data-e-type=\"widget\" data-widget_type=\"heading.default\">\n\t\t\t\t<div class=\"elementor-widget-container\">\n\t\t\t\t\t<h2 class=\"elementor-heading-title elementor-size-default\">Branding<\/h2>\t\t\t\t<\/div>\n\t\t\t\t<\/div>\n\t\t\t\t<\/a>\n\t\t\t\t<\/div>\n\t\t<\/div><div class=\"jet-listing-grid__item jet-listing-dynamic-post-817 jet-equal-columns\" data-post-id=\"817\"  >\t\t<div data-elementor-type=\"jet-listing-items\" data-elementor-id=\"827\" class=\"elementor elementor-827\" data-elementor-post-type=\"jet-engine\">\n\t\t\t\t<a class=\"elementor-element elementor-element-6fe53d8 e-con-full e-flex e-con e-parent\" data-id=\"6fe53d8\" data-element_type=\"container\" data-e-type=\"container\" href=\"https:\/\/diseno.adrirodrigof4.es\/es\/design\/graphic-design\/\">\n\t\t\t\t<div class=\"elementor-element elementor-element-ce894b5 elementor-widget elementor-widget-image\" data-id=\"ce894b5\" data-element_type=\"widget\" data-e-type=\"widget\" data-widget_type=\"image.default\">\n\t\t\t\t<div class=\"elementor-widget-container\">\n\t\t\t\t\t\t\t\t\t\t\t\t\t\t\t<img decoding=\"async\" width=\"1081\" height=\"1350\" src=\"https:\/\/diseno.adrirodrigof4.es\/wp-content\/uploads\/2025\/12\/Feed-CdeC_07.jpg\" class=\"attachment-full size-full wp-image-3585\" alt=\"\" srcset=\"https:\/\/diseno.adrirodrigof4.es\/wp-content\/uploads\/2025\/12\/Feed-CdeC_07.jpg 1081w, https:\/\/diseno.adrirodrigof4.es\/wp-content\/uploads\/2025\/12\/Feed-CdeC_07-240x300.jpg 240w, https:\/\/diseno.adrirodrigof4.es\/wp-content\/uploads\/2025\/12\/Feed-CdeC_07-820x1024.jpg 820w, https:\/\/diseno.adrirodrigof4.es\/wp-content\/uploads\/2025\/12\/Feed-CdeC_07-768x959.jpg 768w, https:\/\/diseno.adrirodrigof4.es\/wp-content\/uploads\/2025\/12\/Feed-CdeC_07-600x749.jpg 600w\" sizes=\"(max-width: 1081px) 100vw, 1081px\" \/>\t\t\t\t\t\t\t\t\t\t\t\t\t\t\t<\/div>\n\t\t\t\t<\/div>\n\t\t\t\t<div class=\"elementor-element elementor-element-a1db56a elementor-widget elementor-widget-heading\" data-id=\"a1db56a\" data-element_type=\"widget\" data-e-type=\"widget\" data-widget_type=\"heading.default\">\n\t\t\t\t<div class=\"elementor-widget-container\">\n\t\t\t\t\t<h2 class=\"elementor-heading-title elementor-size-default\">Graphic Design<\/h2>\t\t\t\t<\/div>\n\t\t\t\t<\/div>\n\t\t\t\t<\/a>\n\t\t\t\t<\/div>\n\t\t<\/div><\/div><\/div><\/div>\t\t\t\t<\/div>\n\t\t\t\t<\/div>\n\t\t\t\t<\/section>\n\t\t\t\t<\/div>\n\t\t","protected":false},"excerpt":{"rendered":"","protected":false},"author":7,"featured_media":0,"parent":0,"menu_order":0,"comment_status":"closed","ping_status":"closed","template":"elementor_header_footer","meta":{"footnotes":""},"class_list":["post-799","page","type-page","status-publish","hentry"],"yoast_head":"<!-- This site is optimized with the Yoast SEO plugin v27.4 - https:\/\/yoast.com\/product\/yoast-seo-wordpress\/ -->\n<title>Design - Estudio Creativo - CLAR de CLARA<\/title>\n<meta name=\"robots\" content=\"noindex, follow, max-snippet:-1, max-image-preview:large, max-video-preview:-1\" \/>\n<meta property=\"og:locale\" content=\"es_ES\" \/>\n<meta property=\"og:type\" content=\"article\" \/>\n<meta property=\"og:title\" content=\"Design - Estudio Creativo - CLAR de CLARA\" \/>\n<meta property=\"og:url\" content=\"https:\/\/diseno.adrirodrigof4.es\/es\/design\/\" \/>\n<meta property=\"og:site_name\" content=\"Estudio Creativo - CLAR de CLARA\" \/>\n<meta property=\"article:modified_time\" content=\"2026-03-16T07:42:10+00:00\" \/>\n<meta name=\"twitter:card\" content=\"summary_large_image\" \/>\n<meta name=\"twitter:label1\" content=\"Tiempo de lectura\" \/>\n\t<meta name=\"twitter:data1\" content=\"2 minutos\" \/>\n<script type=\"application\/ld+json\" class=\"yoast-schema-graph\">{\"@context\":\"https:\\\/\\\/schema.org\",\"@graph\":[{\"@type\":\"WebPage\",\"@id\":\"https:\\\/\\\/diseno.adrirodrigof4.es\\\/design\\\/\",\"url\":\"https:\\\/\\\/diseno.adrirodrigof4.es\\\/design\\\/\",\"name\":\"Design - Estudio Creativo - CLAR de CLARA\",\"isPartOf\":{\"@id\":\"https:\\\/\\\/diseno.adrirodrigof4.es\\\/#website\"},\"datePublished\":\"2025-12-18T20:26:02+00:00\",\"dateModified\":\"2026-03-16T07:42:10+00:00\",\"breadcrumb\":{\"@id\":\"https:\\\/\\\/diseno.adrirodrigof4.es\\\/design\\\/#breadcrumb\"},\"inLanguage\":\"es\",\"potentialAction\":[{\"@type\":\"ReadAction\",\"target\":[\"https:\\\/\\\/diseno.adrirodrigof4.es\\\/design\\\/\"]}]},{\"@type\":\"BreadcrumbList\",\"@id\":\"https:\\\/\\\/diseno.adrirodrigof4.es\\\/design\\\/#breadcrumb\",\"itemListElement\":[{\"@type\":\"ListItem\",\"position\":1,\"name\":\"Inicio\",\"item\":\"https:\\\/\\\/diseno.adrirodrigof4.es\\\/\"},{\"@type\":\"ListItem\",\"position\":2,\"name\":\"Design\"}]},{\"@type\":\"WebSite\",\"@id\":\"https:\\\/\\\/diseno.adrirodrigof4.es\\\/#website\",\"url\":\"https:\\\/\\\/diseno.adrirodrigof4.es\\\/\",\"name\":\"Estudio Creativo - CLAR de CLARA\",\"description\":\"Estudio Creativo con base en Palma de Mallorca que realiza proyectos de Dise\u00f1o Gr\u00e1fico, Branding, Web y Gesti\u00f3n de Redes Sociales.\",\"publisher\":{\"@id\":\"https:\\\/\\\/diseno.adrirodrigof4.es\\\/#organization\"},\"potentialAction\":[{\"@type\":\"SearchAction\",\"target\":{\"@type\":\"EntryPoint\",\"urlTemplate\":\"https:\\\/\\\/diseno.adrirodrigof4.es\\\/?s={search_term_string}\"},\"query-input\":{\"@type\":\"PropertyValueSpecification\",\"valueRequired\":true,\"valueName\":\"search_term_string\"}}],\"inLanguage\":\"es\"},{\"@type\":\"Organization\",\"@id\":\"https:\\\/\\\/diseno.adrirodrigof4.es\\\/#organization\",\"name\":\"Estudio Creativo - CLAR de CLARA\",\"url\":\"https:\\\/\\\/diseno.adrirodrigof4.es\\\/\",\"logo\":{\"@type\":\"ImageObject\",\"inLanguage\":\"es\",\"@id\":\"https:\\\/\\\/diseno.adrirodrigof4.es\\\/#\\\/schema\\\/logo\\\/image\\\/\",\"url\":\"https:\\\/\\\/diseno.adrirodrigof4.es\\\/wp-content\\\/uploads\\\/2025\\\/06\\\/Rectangle-3-1.jpg\",\"contentUrl\":\"https:\\\/\\\/diseno.adrirodrigof4.es\\\/wp-content\\\/uploads\\\/2025\\\/06\\\/Rectangle-3-1.jpg\",\"width\":470,\"height\":112,\"caption\":\"Estudio Creativo - CLAR de CLARA\"},\"image\":{\"@id\":\"https:\\\/\\\/diseno.adrirodrigof4.es\\\/#\\\/schema\\\/logo\\\/image\\\/\"}}]}<\/script>\n<!-- \/ Yoast SEO plugin. -->","yoast_head_json":{"title":"Design - Estudio Creativo - CLAR de CLARA","robots":{"index":"noindex","follow":"follow","max-snippet":"max-snippet:-1","max-image-preview":"max-image-preview:large","max-video-preview":"max-video-preview:-1"},"og_locale":"es_ES","og_type":"article","og_title":"Design - Estudio Creativo - CLAR de CLARA","og_url":"https:\/\/diseno.adrirodrigof4.es\/es\/design\/","og_site_name":"Estudio Creativo - CLAR de CLARA","article_modified_time":"2026-03-16T07:42:10+00:00","twitter_card":"summary_large_image","twitter_misc":{"Tiempo de lectura":"2 minutos"},"schema":{"@context":"https:\/\/schema.org","@graph":[{"@type":"WebPage","@id":"https:\/\/diseno.adrirodrigof4.es\/design\/","url":"https:\/\/diseno.adrirodrigof4.es\/design\/","name":"Design - Estudio Creativo - CLAR de CLARA","isPartOf":{"@id":"https:\/\/diseno.adrirodrigof4.es\/#website"},"datePublished":"2025-12-18T20:26:02+00:00","dateModified":"2026-03-16T07:42:10+00:00","breadcrumb":{"@id":"https:\/\/diseno.adrirodrigof4.es\/design\/#breadcrumb"},"inLanguage":"es","potentialAction":[{"@type":"ReadAction","target":["https:\/\/diseno.adrirodrigof4.es\/design\/"]}]},{"@type":"BreadcrumbList","@id":"https:\/\/diseno.adrirodrigof4.es\/design\/#breadcrumb","itemListElement":[{"@type":"ListItem","position":1,"name":"Inicio","item":"https:\/\/diseno.adrirodrigof4.es\/"},{"@type":"ListItem","position":2,"name":"Design"}]},{"@type":"WebSite","@id":"https:\/\/diseno.adrirodrigof4.es\/#website","url":"https:\/\/diseno.adrirodrigof4.es\/","name":"Estudio Creativo - CLAR de CLARA","description":"Estudio Creativo con base en Palma de Mallorca que realiza proyectos de Dise\u00f1o Gr\u00e1fico, Branding, Web y Gesti\u00f3n de Redes Sociales.","publisher":{"@id":"https:\/\/diseno.adrirodrigof4.es\/#organization"},"potentialAction":[{"@type":"SearchAction","target":{"@type":"EntryPoint","urlTemplate":"https:\/\/diseno.adrirodrigof4.es\/?s={search_term_string}"},"query-input":{"@type":"PropertyValueSpecification","valueRequired":true,"valueName":"search_term_string"}}],"inLanguage":"es"},{"@type":"Organization","@id":"https:\/\/diseno.adrirodrigof4.es\/#organization","name":"Estudio Creativo - CLAR de CLARA","url":"https:\/\/diseno.adrirodrigof4.es\/","logo":{"@type":"ImageObject","inLanguage":"es","@id":"https:\/\/diseno.adrirodrigof4.es\/#\/schema\/logo\/image\/","url":"https:\/\/diseno.adrirodrigof4.es\/wp-content\/uploads\/2025\/06\/Rectangle-3-1.jpg","contentUrl":"https:\/\/diseno.adrirodrigof4.es\/wp-content\/uploads\/2025\/06\/Rectangle-3-1.jpg","width":470,"height":112,"caption":"Estudio Creativo - CLAR de CLARA"},"image":{"@id":"https:\/\/diseno.adrirodrigof4.es\/#\/schema\/logo\/image\/"}}]}},"_links":{"self":[{"href":"https:\/\/diseno.adrirodrigof4.es\/es\/wp-json\/wp\/v2\/pages\/799","targetHints":{"allow":["GET"]}}],"collection":[{"href":"https:\/\/diseno.adrirodrigof4.es\/es\/wp-json\/wp\/v2\/pages"}],"about":[{"href":"https:\/\/diseno.adrirodrigof4.es\/es\/wp-json\/wp\/v2\/types\/page"}],"author":[{"embeddable":true,"href":"https:\/\/diseno.adrirodrigof4.es\/es\/wp-json\/wp\/v2\/users\/7"}],"replies":[{"embeddable":true,"href":"https:\/\/diseno.adrirodrigof4.es\/es\/wp-json\/wp\/v2\/comments?post=799"}],"version-history":[{"count":193,"href":"https:\/\/diseno.adrirodrigof4.es\/es\/wp-json\/wp\/v2\/pages\/799\/revisions"}],"predecessor-version":[{"id":4230,"href":"https:\/\/diseno.adrirodrigof4.es\/es\/wp-json\/wp\/v2\/pages\/799\/revisions\/4230"}],"wp:attachment":[{"href":"https:\/\/diseno.adrirodrigof4.es\/es\/wp-json\/wp\/v2\/media?parent=799"}],"curies":[{"name":"wp","href":"https:\/\/api.w.org\/{rel}","templated":true}]}}