{"id":94,"date":"2025-12-18T13:40:25","date_gmt":"2025-12-18T12:40:25","guid":{"rendered":"https:\/\/diseno.adrirodrigof4.es\/?page_id=94"},"modified":"2026-03-10T05:52:09","modified_gmt":"2026-03-10T04:52:09","slug":"contact","status":"publish","type":"page","link":"https:\/\/diseno.adrirodrigof4.es\/es\/contact\/","title":{"rendered":"06 \u2013 Contacto"},"content":{"rendered":"<div data-elementor-type=\"wp-page\" data-elementor-id=\"94\" class=\"elementor elementor-94\" data-elementor-post-type=\"page\">\n\t\t\t\t<section class=\"elementor-element elementor-element-4e60d15 e-flex e-con-boxed e-con e-parent\" data-id=\"4e60d15\" data-element_type=\"container\" data-e-type=\"container\">\n\t\t\t\t\t<div class=\"e-con-inner\">\n\t\t\t\t<div class=\"elementor-element elementor-element-ad1a448 elementor-invisible elementor-widget elementor-widget-heading\" data-id=\"ad1a448\" data-element_type=\"widget\" data-e-type=\"widget\" data-settings=\"{&quot;_animation&quot;:&quot;fadeIn&quot;}\" data-widget_type=\"heading.default\">\n\t\t\t\t<div class=\"elementor-widget-container\">\n\t\t\t\t\t<h1 class=\"elementor-heading-title elementor-size-default\">06 \u2013 Contacto<\/h1>\t\t\t\t<\/div>\n\t\t\t\t<\/div>\n\t\t<div class=\"elementor-element elementor-element-8d963ad e-flex e-con-boxed elementor-invisible e-con e-child\" data-id=\"8d963ad\" data-element_type=\"container\" data-e-type=\"container\" data-settings=\"{&quot;animation&quot;:&quot;fadeIn&quot;}\">\n\t\t\t\t\t<div class=\"e-con-inner\">\n\t\t<div class=\"elementor-element elementor-element-b5aff15 e-con-full e-flex e-con e-child\" data-id=\"b5aff15\" data-element_type=\"container\" data-e-type=\"container\">\n\t\t\t\t<div class=\"elementor-element elementor-element-139658a elementor-widget elementor-widget-text-editor\" data-id=\"139658a\" data-element_type=\"widget\" data-e-type=\"widget\" data-widget_type=\"text-editor.default\">\n\t\t\t\t<div class=\"elementor-widget-container\">\n\t\t\t\t\t\t\t\t\tSi quieres trabajar juntos en el dise\u00f1o o la fotograf\u00eda de su marca, decir hola en <a href=\"mailto:hola@clardeclara.com\" target=\"_blank\" rel=\"noopener\">hola@clardeclara.com<\/a>\t\t\t\t\t\t\t\t<\/div>\n\t\t\t\t<\/div>\n\t\t\t\t<div class=\"elementor-element elementor-element-c75a75c elementor-widget elementor-widget-text-editor\" data-id=\"c75a75c\" data-element_type=\"widget\" data-e-type=\"widget\" data-widget_type=\"text-editor.default\">\n\t\t\t\t<div class=\"elementor-widget-container\">\n\t\t\t\t\t\t\t\t\tSi te vas a casar y me quiere capturar su d\u00eda, escribir a \n<a href=\"mailto:weddings@clardeclara.com\" class=\"notranslate\">weddings@clardeclara.com<\/a>\n\u2013 Voy a estar feliz de estar all\u00ed con ustedes \ud83d\ude42\t\t\t\t\t\t\t\t<\/div>\n\t\t\t\t<\/div>\n\t\t\t\t<\/div>\n\t\t<div class=\"elementor-element elementor-element-5d0aae9 e-con-full e-flex e-con e-child\" data-id=\"5d0aae9\" data-element_type=\"container\" data-e-type=\"container\">\n\t\t\t\t<div class=\"elementor-element elementor-element-de1dbb6 elementor-widget elementor-widget-image\" data-id=\"de1dbb6\" data-element_type=\"widget\" data-e-type=\"widget\" data-widget_type=\"image.default\">\n\t\t\t\t<div class=\"elementor-widget-container\">\n\t\t\t\t\t\t\t\t\t\t\t\t\t\t\t<img fetchpriority=\"high\" decoding=\"async\" width=\"1920\" height=\"2560\" src=\"https:\/\/diseno.adrirodrigof4.es\/wp-content\/uploads\/2026\/02\/Clara_28-scaled.jpg\" class=\"attachment-full size-full wp-image-2557\" alt=\"\" srcset=\"https:\/\/diseno.adrirodrigof4.es\/wp-content\/uploads\/2026\/02\/Clara_28-scaled.jpg 1920w, https:\/\/diseno.adrirodrigof4.es\/wp-content\/uploads\/2026\/02\/Clara_28-scaled-600x800.jpg 600w, https:\/\/diseno.adrirodrigof4.es\/wp-content\/uploads\/2026\/02\/Clara_28-225x300.jpg 225w, https:\/\/diseno.adrirodrigof4.es\/wp-content\/uploads\/2026\/02\/Clara_28-768x1024.jpg 768w, https:\/\/diseno.adrirodrigof4.es\/wp-content\/uploads\/2026\/02\/Clara_28-1152x1536.jpg 1152w, https:\/\/diseno.adrirodrigof4.es\/wp-content\/uploads\/2026\/02\/Clara_28-1536x2048.jpg 1536w\" sizes=\"(max-width: 1920px) 100vw, 1920px\" \/>\t\t\t\t\t\t\t\t\t\t\t\t\t\t\t<\/div>\n\t\t\t\t<\/div>\n\t\t\t\t<\/div>\n\t\t\t\t\t<\/div>\n\t\t\t\t<\/div>\n\t\t\t\t\t<\/div>\n\t\t\t\t<\/section>\n\t\t\t\t<\/div>","protected":false},"excerpt":{"rendered":"<p>If you\u2019d like to work together on design or photography for your brand, say hi at hola@clardeclara.comIf you\u2019re getting married and want me to capture your day, write to weddings@clardeclara.com \u2013 I\u2019ll be happy to be there with you \ud83d\ude42<\/p>","protected":false},"author":7,"featured_media":0,"parent":0,"menu_order":6,"comment_status":"closed","ping_status":"closed","template":"","meta":{"footnotes":""},"class_list":["post-94","page","type-page","status-publish","hentry"],"yoast_head":"<!-- This site is optimized with the Yoast SEO plugin v27.4 - https:\/\/yoast.com\/product\/yoast-seo-wordpress\/ -->\n<title>06 - Contact - Estudio Creativo - CLAR de CLARA<\/title>\n<meta name=\"robots\" content=\"noindex, follow, max-snippet:-1, max-image-preview:large, max-video-preview:-1\" \/>\n<meta property=\"og:locale\" content=\"es_ES\" \/>\n<meta property=\"og:type\" content=\"article\" \/>\n<meta property=\"og:title\" content=\"06 - Contact - Estudio Creativo - CLAR de CLARA\" \/>\n<meta property=\"og:description\" content=\"If you\u2019d like to work together on design or photography for your brand, say hi at hola@clardeclara.comIf you\u2019re getting married and want me to capture your day, write to weddings@clardeclara.com \u2013 I\u2019ll be happy to be there with you \ud83d\ude42\" \/>\n<meta property=\"og:url\" content=\"https:\/\/diseno.adrirodrigof4.es\/es\/contact\/\" \/>\n<meta property=\"og:site_name\" content=\"Estudio Creativo - CLAR de CLARA\" \/>\n<meta property=\"article:modified_time\" content=\"2026-03-10T04:52:09+00:00\" \/>\n<meta property=\"og:image\" content=\"https:\/\/diseno.adrirodrigof4.es\/wp-content\/uploads\/2026\/02\/Clara_28-scaled.jpg\" \/>\n\t<meta property=\"og:image:width\" content=\"1920\" \/>\n\t<meta property=\"og:image:height\" content=\"2560\" \/>\n\t<meta property=\"og:image:type\" content=\"image\/jpeg\" \/>\n<meta name=\"twitter:card\" content=\"summary_large_image\" \/>\n<meta name=\"twitter:label1\" content=\"Tiempo de lectura\" \/>\n\t<meta name=\"twitter:data1\" content=\"1 minuto\" \/>\n<script type=\"application\/ld+json\" class=\"yoast-schema-graph\">{\"@context\":\"https:\\\/\\\/schema.org\",\"@graph\":[{\"@type\":\"WebPage\",\"@id\":\"https:\\\/\\\/diseno.adrirodrigof4.es\\\/contact\\\/\",\"url\":\"https:\\\/\\\/diseno.adrirodrigof4.es\\\/contact\\\/\",\"name\":\"06 - Contact - Estudio Creativo - CLAR de CLARA\",\"isPartOf\":{\"@id\":\"https:\\\/\\\/diseno.adrirodrigof4.es\\\/#website\"},\"primaryImageOfPage\":{\"@id\":\"https:\\\/\\\/diseno.adrirodrigof4.es\\\/contact\\\/#primaryimage\"},\"image\":{\"@id\":\"https:\\\/\\\/diseno.adrirodrigof4.es\\\/contact\\\/#primaryimage\"},\"thumbnailUrl\":\"https:\\\/\\\/diseno.adrirodrigof4.es\\\/wp-content\\\/uploads\\\/2026\\\/02\\\/Clara_28-scaled.jpg\",\"datePublished\":\"2025-12-18T12:40:25+00:00\",\"dateModified\":\"2026-03-10T04:52:09+00:00\",\"breadcrumb\":{\"@id\":\"https:\\\/\\\/diseno.adrirodrigof4.es\\\/contact\\\/#breadcrumb\"},\"inLanguage\":\"es\",\"potentialAction\":[{\"@type\":\"ReadAction\",\"target\":[\"https:\\\/\\\/diseno.adrirodrigof4.es\\\/contact\\\/\"]}]},{\"@type\":\"ImageObject\",\"inLanguage\":\"es\",\"@id\":\"https:\\\/\\\/diseno.adrirodrigof4.es\\\/contact\\\/#primaryimage\",\"url\":\"https:\\\/\\\/diseno.adrirodrigof4.es\\\/wp-content\\\/uploads\\\/2026\\\/02\\\/Clara_28-scaled.jpg\",\"contentUrl\":\"https:\\\/\\\/diseno.adrirodrigof4.es\\\/wp-content\\\/uploads\\\/2026\\\/02\\\/Clara_28-scaled.jpg\"},{\"@type\":\"BreadcrumbList\",\"@id\":\"https:\\\/\\\/diseno.adrirodrigof4.es\\\/contact\\\/#breadcrumb\",\"itemListElement\":[{\"@type\":\"ListItem\",\"position\":1,\"name\":\"Inicio\",\"item\":\"https:\\\/\\\/diseno.adrirodrigof4.es\\\/\"},{\"@type\":\"ListItem\",\"position\":2,\"name\":\"06 &#8211; Contact\"}]},{\"@type\":\"WebSite\",\"@id\":\"https:\\\/\\\/diseno.adrirodrigof4.es\\\/#website\",\"url\":\"https:\\\/\\\/diseno.adrirodrigof4.es\\\/\",\"name\":\"Estudio Creativo - CLAR de CLARA\",\"description\":\"Estudio Creativo con base en Palma de Mallorca que realiza proyectos de Dise\u00f1o Gr\u00e1fico, Branding, Web y Gesti\u00f3n de Redes Sociales.\",\"publisher\":{\"@id\":\"https:\\\/\\\/diseno.adrirodrigof4.es\\\/#organization\"},\"potentialAction\":[{\"@type\":\"SearchAction\",\"target\":{\"@type\":\"EntryPoint\",\"urlTemplate\":\"https:\\\/\\\/diseno.adrirodrigof4.es\\\/?s={search_term_string}\"},\"query-input\":{\"@type\":\"PropertyValueSpecification\",\"valueRequired\":true,\"valueName\":\"search_term_string\"}}],\"inLanguage\":\"es\"},{\"@type\":\"Organization\",\"@id\":\"https:\\\/\\\/diseno.adrirodrigof4.es\\\/#organization\",\"name\":\"Estudio Creativo - CLAR de CLARA\",\"url\":\"https:\\\/\\\/diseno.adrirodrigof4.es\\\/\",\"logo\":{\"@type\":\"ImageObject\",\"inLanguage\":\"es\",\"@id\":\"https:\\\/\\\/diseno.adrirodrigof4.es\\\/#\\\/schema\\\/logo\\\/image\\\/\",\"url\":\"https:\\\/\\\/diseno.adrirodrigof4.es\\\/wp-content\\\/uploads\\\/2025\\\/06\\\/Rectangle-3-1.jpg\",\"contentUrl\":\"https:\\\/\\\/diseno.adrirodrigof4.es\\\/wp-content\\\/uploads\\\/2025\\\/06\\\/Rectangle-3-1.jpg\",\"width\":470,\"height\":112,\"caption\":\"Estudio Creativo - CLAR de CLARA\"},\"image\":{\"@id\":\"https:\\\/\\\/diseno.adrirodrigof4.es\\\/#\\\/schema\\\/logo\\\/image\\\/\"}}]}<\/script>\n<!-- \/ Yoast SEO plugin. -->","yoast_head_json":{"title":"06 - Contact - Estudio Creativo - CLAR de CLARA","robots":{"index":"noindex","follow":"follow","max-snippet":"max-snippet:-1","max-image-preview":"max-image-preview:large","max-video-preview":"max-video-preview:-1"},"og_locale":"es_ES","og_type":"article","og_title":"06 - Contact - Estudio Creativo - CLAR de CLARA","og_description":"If you\u2019d like to work together on design or photography for your brand, say hi at hola@clardeclara.comIf you\u2019re getting married and want me to capture your day, write to weddings@clardeclara.com \u2013 I\u2019ll be happy to be there with you \ud83d\ude42","og_url":"https:\/\/diseno.adrirodrigof4.es\/es\/contact\/","og_site_name":"Estudio Creativo - CLAR de CLARA","article_modified_time":"2026-03-10T04:52:09+00:00","og_image":[{"width":1920,"height":2560,"url":"https:\/\/diseno.adrirodrigof4.es\/wp-content\/uploads\/2026\/02\/Clara_28-scaled.jpg","type":"image\/jpeg"}],"twitter_card":"summary_large_image","twitter_misc":{"Tiempo de lectura":"1 minuto"},"schema":{"@context":"https:\/\/schema.org","@graph":[{"@type":"WebPage","@id":"https:\/\/diseno.adrirodrigof4.es\/contact\/","url":"https:\/\/diseno.adrirodrigof4.es\/contact\/","name":"06 - Contact - Estudio Creativo - CLAR de CLARA","isPartOf":{"@id":"https:\/\/diseno.adrirodrigof4.es\/#website"},"primaryImageOfPage":{"@id":"https:\/\/diseno.adrirodrigof4.es\/contact\/#primaryimage"},"image":{"@id":"https:\/\/diseno.adrirodrigof4.es\/contact\/#primaryimage"},"thumbnailUrl":"https:\/\/diseno.adrirodrigof4.es\/wp-content\/uploads\/2026\/02\/Clara_28-scaled.jpg","datePublished":"2025-12-18T12:40:25+00:00","dateModified":"2026-03-10T04:52:09+00:00","breadcrumb":{"@id":"https:\/\/diseno.adrirodrigof4.es\/contact\/#breadcrumb"},"inLanguage":"es","potentialAction":[{"@type":"ReadAction","target":["https:\/\/diseno.adrirodrigof4.es\/contact\/"]}]},{"@type":"ImageObject","inLanguage":"es","@id":"https:\/\/diseno.adrirodrigof4.es\/contact\/#primaryimage","url":"https:\/\/diseno.adrirodrigof4.es\/wp-content\/uploads\/2026\/02\/Clara_28-scaled.jpg","contentUrl":"https:\/\/diseno.adrirodrigof4.es\/wp-content\/uploads\/2026\/02\/Clara_28-scaled.jpg"},{"@type":"BreadcrumbList","@id":"https:\/\/diseno.adrirodrigof4.es\/contact\/#breadcrumb","itemListElement":[{"@type":"ListItem","position":1,"name":"Inicio","item":"https:\/\/diseno.adrirodrigof4.es\/"},{"@type":"ListItem","position":2,"name":"06 &#8211; Contact"}]},{"@type":"WebSite","@id":"https:\/\/diseno.adrirodrigof4.es\/#website","url":"https:\/\/diseno.adrirodrigof4.es\/","name":"Estudio Creativo - CLAR de CLARA","description":"Estudio Creativo con base en Palma de Mallorca que realiza proyectos de Dise\u00f1o Gr\u00e1fico, Branding, Web y Gesti\u00f3n de Redes Sociales.","publisher":{"@id":"https:\/\/diseno.adrirodrigof4.es\/#organization"},"potentialAction":[{"@type":"SearchAction","target":{"@type":"EntryPoint","urlTemplate":"https:\/\/diseno.adrirodrigof4.es\/?s={search_term_string}"},"query-input":{"@type":"PropertyValueSpecification","valueRequired":true,"valueName":"search_term_string"}}],"inLanguage":"es"},{"@type":"Organization","@id":"https:\/\/diseno.adrirodrigof4.es\/#organization","name":"Estudio Creativo - CLAR de CLARA","url":"https:\/\/diseno.adrirodrigof4.es\/","logo":{"@type":"ImageObject","inLanguage":"es","@id":"https:\/\/diseno.adrirodrigof4.es\/#\/schema\/logo\/image\/","url":"https:\/\/diseno.adrirodrigof4.es\/wp-content\/uploads\/2025\/06\/Rectangle-3-1.jpg","contentUrl":"https:\/\/diseno.adrirodrigof4.es\/wp-content\/uploads\/2025\/06\/Rectangle-3-1.jpg","width":470,"height":112,"caption":"Estudio Creativo - CLAR de CLARA"},"image":{"@id":"https:\/\/diseno.adrirodrigof4.es\/#\/schema\/logo\/image\/"}}]}},"_links":{"self":[{"href":"https:\/\/diseno.adrirodrigof4.es\/es\/wp-json\/wp\/v2\/pages\/94","targetHints":{"allow":["GET"]}}],"collection":[{"href":"https:\/\/diseno.adrirodrigof4.es\/es\/wp-json\/wp\/v2\/pages"}],"about":[{"href":"https:\/\/diseno.adrirodrigof4.es\/es\/wp-json\/wp\/v2\/types\/page"}],"author":[{"embeddable":true,"href":"https:\/\/diseno.adrirodrigof4.es\/es\/wp-json\/wp\/v2\/users\/7"}],"replies":[{"embeddable":true,"href":"https:\/\/diseno.adrirodrigof4.es\/es\/wp-json\/wp\/v2\/comments?post=94"}],"version-history":[{"count":207,"href":"https:\/\/diseno.adrirodrigof4.es\/es\/wp-json\/wp\/v2\/pages\/94\/revisions"}],"predecessor-version":[{"id":3494,"href":"https:\/\/diseno.adrirodrigof4.es\/es\/wp-json\/wp\/v2\/pages\/94\/revisions\/3494"}],"wp:attachment":[{"href":"https:\/\/diseno.adrirodrigof4.es\/es\/wp-json\/wp\/v2\/media?parent=94"}],"curies":[{"name":"wp","href":"https:\/\/api.w.org\/{rel}","templated":true}]}}